{"id":11,"date":"2026-05-16T14:26:59","date_gmt":"2026-05-16T14:26:59","guid":{"rendered":"https:\/\/gran.olsenkyhn.dk\/?page_id=11"},"modified":"2026-05-16T14:26:59","modified_gmt":"2026-05-16T14:26:59","slug":"aktiviteter","status":"publish","type":"page","link":"https:\/\/gran.olsenkyhn.dk\/?page_id=11","title":{"rendered":"Aktiviteter"},"content":{"rendered":"<div id=\"r1213\" class=\"row \">\n<div class=\"container container-fixed\">\n<div class=\"col col-sm-12\">\n<div id=\"m2199\" class=\"module text\">\n<p class=\"headline\">Kommende begivenheder<\/p>\n<\/div>\n<\/div>\n<\/div>\n<\/div>\n<div id=\"r1879\" class=\"row \">\n<div class=\"container container-fixed colsStack\">\n<div id=\"c6422\" class=\"col col-sm-12 col-md-6\">\n<div id=\"m1058\" class=\"module text\">\n<p class=\"smallsubtitle\">Sommersamling 9. &#8211; 12. juli 2026<\/p>\n<\/div>\n<div id=\"m3965\" class=\"module text\">\n<p class=\"bodytext\">Velkommen til 4 sp\u00e6ndende dage i ceremoni, ritualer og grundl\u00e6ggende cirkelarbejde.<\/p>\n<p class=\"bodytext\">Sammen skaber vi bevidsthed om det magiske i cirklens kraft, og bliver guidet gennem dagene af Bedstem\u00f8drene Elf og Elisabeth. Du tager hjem, med en st\u00f8rre indsigt i hvem du er som spirituelt v\u00e6sen, som er til gl\u00e6de for b\u00e5de dig, og de cirkler du er i til dagligt.<\/p>\n<p class=\"bodytext\">\n<p class=\"bodytext\">Du vil kunne \u00f8ge din spirituelle bevidsthed, l\u00e6re nye sange og f\u00e5 genopfrisket de gamle ved at v\u00e6re en aktiv medskaber i de ceremonier og ritualer vi laver. Der vil ogs\u00e5 v\u00e6re tid til restitution og fordybelse i det natursk\u00f8nne omr\u00e5de.<\/p>\n<p class=\"bodytext\">\n<p class=\"bodytext\">Sommersamlingen foreg\u00e5r p\u00e5 Eagleroad ved Skanderborg syd for Aarhus og er for foreningens medlemmer. Stedet drives af Bedstemor Johanne Eagleroad. Se mere om stedet her: www.eagleroad.dk<\/p>\n<p class=\"bodytext\">\n<p class=\"bodytext\">Det vil foreg\u00e5 fra torsdag middag til s\u00f8ndag middag.<\/p>\n<p class=\"bodytext\">\n<p class=\"bodytext\">Der er plads til 30 deltagere, og det er muligt at overnatte i eget telt o.l. og ellers p\u00e5 sovesal, glampingtelt, tipi eller jurt. Det er desv\u00e6rre ikke muligt at medbringe hund p\u00e5 stedet, da der bor flere dyr p\u00e5 g\u00e5rden.<\/p>\n<p class=\"bodytext\">\n<p class=\"bodytext\">Early-Birdprisen er 2.222 kr. ved tilmelding NU og frem til 20. maj. Herefter er prisen 2.666 kr.<\/p>\n<p class=\"bodytext\">\n<p class=\"bodytext\">Den 20. juni er sidste tilmeldingsdato.<\/p>\n<p class=\"bodytext\">\n<p class=\"bodytext\">TILMELDING:<\/p>\n<p class=\"bodytext\">Skriv til aktivitetsholder: Lisbeth Bidstrup p\u00e5 Lisbeth.bidstrup@gmail.com eller ring p\u00e5 22803903. Tilf\u00f8j hvor du \u00f8nsker at overnatte og evt. en sovemakker, s\u00e5 vil vi g\u00f8re vores bedste for at tilgodese dine \u00f8nsker. Der vil prim\u00e6rt v\u00e6re \u00f8kologisk mad, og der tages hensyn til gluten og laktose intolerance.<\/p>\n<p class=\"bodytext\">\n<p class=\"bodytext\">BETALING:<\/p>\n<p class=\"bodytext\">Pengene overf\u00f8res til konto 0755 0000369853. Ved registreret betaling modtager du en mail med praktisk information. Din plads er sikret, n\u00e5r vi har modtaget din betaling.<\/p>\n<p>Ved framelding 14 dage f\u00f8r kursus start, vil du f\u00e5 halvdelen refunderet og ved framelding 1 uge f\u00f8r vil du ikke p\u00e5 dine penge retur.<\/p>\n<p>Vi vil evt. oprette en venteliste og har vi en der kan overtage din plads, vil du f\u00e5 det fulde bel\u00f8b returneret.<\/p>\n<\/div>\n<div id=\"w_m3311\" class=\"imageModuleWrap\"><img decoding=\"async\" id=\"m3311\" class=\"module image\" src=\"https:\/\/grandmothersdanmark.dk\/uploads\/yChJ5aaB\/500x0_500x0\/aarsmode2__msi___jpg.webp\" alt=\"\u00c5rsm\u00f8de\" width=\"500\" height=\"375\" data-author=\"\" data-req=\"\" data-settings=\"enablehover=false,showelement=,hovertransition=\" \/><\/div>\n<\/div>\n<div id=\"c1566\" class=\"col col-sm-12 col-lg-6 col-md-6\">\n<div id=\"m2414\" class=\"module text\">\n<p class=\"smallsubtitle\">R\u00e5dslagning 23. &#8211; 25. oktober 2026<\/p>\n<p class=\"bodytext\">R\u00e5dslagningen er en kraftfuld, spirituel ceremoni, der giver lokalcirklerne mulighed for at bringe et emne op til dr\u00f8ftelse og m\u00e5ske beslutning i en cirkel, hvor alle stemmer h\u00f8res og hvor intet skal hastes igennem. R\u00e5dslagningen er af 2-3 dages varighed, og det giver mulighed for at endnu flere kan l\u00e6re denne traditionelle m\u00e5de at tr\u00e6ffe beslutninger p\u00e5 til f\u00e6lles bedste. Hver cirkel sender en Bedstemor afsted med et emne.<\/p>\n<p class=\"bodytext\">\n<p class=\"bodytext\">I \u00e5r finder den sted syd for \u00c5rhus i Ravnholt hos Bedstemor Rikke Crump Horsted og faciliteres af Bedstem\u00f8drene Elf og Elisabeth.<\/p>\n<\/div>\n<div id=\"m3754\" class=\"module text\">\n<p class=\"smallsubtitle\">\u00c5rsm\u00f8de 2027 &#8211; 3. &#8211; 4. april\u00a0 2027<\/p>\n<\/div>\n<div id=\"m3739\" class=\"module text\">\n<p class=\"bodytext\">Vi m\u00f8des hvert for\u00e5r til \u00e5rsm\u00f8de og generalforsamling af 1-2 dages varighed. Her dr\u00f8ftes F\u00e6llescirklens beretning, \u00e5rsregnskab, eventuelle vedt\u00e6gts\u00e6ndringer, F\u00e6llescirkel struktur, cirkelm\u00f8der og aktiviteter. Der vil ofte ogs\u00e5 v\u00e6re et inspirerende indslag udefra. Referatet fra \u00e5rsm\u00f8det sendes ud til alle medlemmer.<\/p>\n<p class=\"bodytext\">\n<p class=\"bodytext\">\u00c5rsm\u00f8det afholdes i Trentem\u00f8lle, Trendevej 7, Nystenderup, 5672 Broby<\/p>\n<p class=\"bodytext\">\n<p class=\"bodytext\"><a href=\"https:\/\/trente.dk\/om-trente-molle\/\" target=\"_blank\" rel=\"noopener\" data-track-event=\"click\" data-track-action=\"link_clicked\">L\u00e6s mere om Trentem\u00f8lle her!<\/a><\/p>\n<\/div>\n<div id=\"w_m2825\" class=\"imageModuleWrap\"><img decoding=\"async\" id=\"m2825\" class=\"module image\" src=\"https:\/\/grandmothersdanmark.dk\/uploads\/bcGudycS\/768x0_640x0\/grandmothers_2__msi___jpg.webp\" alt=\"\" width=\"1000\" height=\"1000\" data-author=\"\" data-req=\"\" data-settings=\"enablehover=false,showelement=,hovertransition=\" \/><\/div>\n<div id=\"m1830\" class=\"module text\">\n<p class=\"smallsubtitle\">Inspirationsdag for nye medlemmer &#8211; Afholdes l\u00f8bende<\/p>\n<\/div>\n<div id=\"m4783\" class=\"module text\">\n<p class=\"bodytext\">Inspirationsdagen er for dig der \u00f8nsker at vide hvad Grandmothers er, og dagen har til form\u00e5l at give dig en oplevelse af at deltage i et cirkelm\u00f8de.<\/p>\n<p class=\"bodytext\">Kvinder fra de omkringliggende cirkler vil ogs\u00e5 deltage i dagen, s\u00e5 du kan snakke med nogen der allerede er i en cirkel.<\/p>\n<p class=\"bodytext\">Vi vil gennemg\u00e5 cirklens etik, fort\u00e6lle vores historie og i det hele taget kl\u00e6de dig p\u00e5, til at deltage i en Grandmother Cirkel.<\/p>\n<p class=\"bodytext\">Arrangementet foreg\u00e5r p\u00e5 landsplan hvor der er behov.<\/p>\n<p class=\"bodytext\">\n<p class=\"bodytext\">Tilmelding foreg\u00e5r ved at udfylde kontaktformularen p\u00e5 vores hjemmeside<\/p>\n<p class=\"bodytext\">Det koster kr. 150,- at deltage som overf\u00f8res p\u00e5 mobilpay 85814.<\/p>\n<p class=\"bodytext\">Der serveres kaffe\/the\/vand\/kage\/frugt.<\/p>\n<p class=\"bodytext\">Medbring en madpakke til frokost, og noget til viet.<\/p>\n<p class=\"bodytext\">\nHusk at skriv i besked feltet hvilken landsdel\u00a0 og by du kommer fra.<\/p>\n<p class=\"bodytext\">\n<p class=\"bodytext\"><a href=\"https:\/\/grandmothersdanmark.dk\/kontaktbliv-medlem\" data-track-event=\"click\" data-track-action=\"internal_link_clicked\">Tilmeld dig her<\/a><\/p>\n<p class=\"bodytext\">\n<p class=\"bodytext\">M\u00f8dested:<\/p>\n<p class=\"bodytext\">Oplyses ved tilmelding.<\/p>\n<\/div>\n<\/div>\n<\/div>\n<\/div>\n","protected":false},"excerpt":{"rendered":"<p>Kommende begivenheder Sommersamling 9. &#8211; 12. juli 2026 Velkommen til  [&#8230;]<\/p>\n","protected":false},"author":1,"featured_media":0,"parent":0,"menu_order":0,"comment_status":"closed","ping_status":"closed","template":"100-width.php","meta":{"footnotes":""},"class_list":["post-11","page","type-page","status-publish","hentry"],"_links":{"self":[{"href":"https:\/\/gran.olsenkyhn.dk\/index.php?rest_route=\/wp\/v2\/pages\/11","targetHints":{"allow":["GET"]}}],"collection":[{"href":"https:\/\/gran.olsenkyhn.dk\/index.php?rest_route=\/wp\/v2\/pages"}],"about":[{"href":"https:\/\/gran.olsenkyhn.dk\/index.php?rest_route=\/wp\/v2\/types\/page"}],"author":[{"embeddable":true,"href":"https:\/\/gran.olsenkyhn.dk\/index.php?rest_route=\/wp\/v2\/users\/1"}],"replies":[{"embeddable":true,"href":"https:\/\/gran.olsenkyhn.dk\/index.php?rest_route=%2Fwp%2Fv2%2Fcomments&post=11"}],"version-history":[{"count":1,"href":"https:\/\/gran.olsenkyhn.dk\/index.php?rest_route=\/wp\/v2\/pages\/11\/revisions"}],"predecessor-version":[{"id":12,"href":"https:\/\/gran.olsenkyhn.dk\/index.php?rest_route=\/wp\/v2\/pages\/11\/revisions\/12"}],"wp:attachment":[{"href":"https:\/\/gran.olsenkyhn.dk\/index.php?rest_route=%2Fwp%2Fv2%2Fmedia&parent=11"}],"curies":[{"name":"wp","href":"https:\/\/api.w.org\/{rel}","templated":true}]}}