{"id":14,"date":"2026-05-16T14:28:02","date_gmt":"2026-05-16T14:28:02","guid":{"rendered":"https:\/\/gran.olsenkyhn.dk\/?page_id=14"},"modified":"2026-05-16T14:28:02","modified_gmt":"2026-05-16T14:28:02","slug":"kontakt-bliv-medlem","status":"publish","type":"page","link":"https:\/\/gran.olsenkyhn.dk\/?page_id=14","title":{"rendered":"Kontakt\/Bliv medlem"},"content":{"rendered":"<div id=\"r1373\" class=\"row bgfilter\">\n<div class=\"container container-fixed\">\n<div class=\"col col-sm-12 col-lg-8 col-md-8\">\n<div id=\"m2239\" class=\"module text\">\n<h2 class=\"smallspottext\">Grandmothers Circle the Earth er et f\u00e6llesskab<br \/>\nfor modne og kraftfulde kvinder<\/h2>\n<\/div>\n<\/div>\n<div id=\"c4043\" class=\"col hidden-sm col-sm-2\"><\/div>\n<\/div>\n<\/div>\n<div id=\"r4430\" class=\"row \">\n<div class=\"container container-fixed\">\n<div id=\"c2821\" class=\"col hidden-md hidden-sm col-sm-1\"><\/div>\n<div class=\"col col-sm-12 col-lg-10\">\n<div id=\"m3751\" class=\"module text\">\n<h1 class=\"headline\">Hvordan bliver jeg en del af f\u00e6llesskabet?<\/h1>\n<p class=\"preamble\">Du kan blive en del af f\u00e6llesskabet ad to veje, ved at tr\u00e6de ind i en eksisterende cirkel eller v\u00e6re med til at skabe en ny cirkel der hvor du bor, med hj\u00e6lp fra Grandmothers.<\/p>\n<\/div>\n<\/div>\n<\/div>\n<\/div>\n","protected":false},"excerpt":{"rendered":"<p>Grandmothers Circle the Earth er et f\u00e6llesskab for modne og  [&#8230;]<\/p>\n","protected":false},"author":1,"featured_media":0,"parent":0,"menu_order":0,"comment_status":"closed","ping_status":"closed","template":"100-width.php","meta":{"footnotes":""},"class_list":["post-14","page","type-page","status-publish","hentry"],"_links":{"self":[{"href":"https:\/\/gran.olsenkyhn.dk\/index.php?rest_route=\/wp\/v2\/pages\/14","targetHints":{"allow":["GET"]}}],"collection":[{"href":"https:\/\/gran.olsenkyhn.dk\/index.php?rest_route=\/wp\/v2\/pages"}],"about":[{"href":"https:\/\/gran.olsenkyhn.dk\/index.php?rest_route=\/wp\/v2\/types\/page"}],"author":[{"embeddable":true,"href":"https:\/\/gran.olsenkyhn.dk\/index.php?rest_route=\/wp\/v2\/users\/1"}],"replies":[{"embeddable":true,"href":"https:\/\/gran.olsenkyhn.dk\/index.php?rest_route=%2Fwp%2Fv2%2Fcomments&post=14"}],"version-history":[{"count":1,"href":"https:\/\/gran.olsenkyhn.dk\/index.php?rest_route=\/wp\/v2\/pages\/14\/revisions"}],"predecessor-version":[{"id":15,"href":"https:\/\/gran.olsenkyhn.dk\/index.php?rest_route=\/wp\/v2\/pages\/14\/revisions\/15"}],"wp:attachment":[{"href":"https:\/\/gran.olsenkyhn.dk\/index.php?rest_route=%2Fwp%2Fv2%2Fmedia&parent=14"}],"curies":[{"name":"wp","href":"https:\/\/api.w.org\/{rel}","templated":true}]}}